{"id":6793,"date":"2018-04-17T10:06:32","date_gmt":"2018-04-17T08:06:32","guid":{"rendered":"http:\/\/aqualeds.de\/?page_id=6793"},"modified":"2026-03-19T12:24:01","modified_gmt":"2026-03-19T11:24:01","slug":"support","status":"publish","type":"page","link":"https:\/\/aqualeds.de\/en\/support\/","title":{"rendered":"Support"},"content":{"rendered":"[vc_row type=&#8221;full_width_background&#8221; full_screen_row_position=&#8221;middle&#8221; column_margin=&#8221;default&#8221; column_direction=&#8221;default&#8221; column_direction_tablet=&#8221;default&#8221; column_direction_phone=&#8221;default&#8221; bg_image=&#8221;6642&#8243; bg_position=&#8221;center center&#8221; background_image_loading=&#8221;default&#8221; bg_repeat=&#8221;no-repeat&#8221; scene_position=&#8221;center&#8221; top_padding=&#8221;150&#8243; bottom_padding=&#8221;100&#8243; text_color=&#8221;light&#8221; text_align=&#8221;center&#8221; row_border_radius=&#8221;none&#8221; row_border_radius_applies=&#8221;bg&#8221; overflow=&#8221;visible&#8221; enable_gradient=&#8221;true&#8221; color_overlay=&#8221;#00a7e1&#8243; color_overlay_2=&#8221;#1d1b78&#8243; overlay_strength=&#8221;0.8&#8243; gradient_direction=&#8221;left_t_to_right_b&#8221; shape_divider_position=&#8221;bottom&#8221; bg_image_animation=&#8221;none&#8221; parallax_bg=&#8221;true&#8221; parallax_bg_speed=&#8221;slow&#8221; shape_type=&#8221;&#8221;][vc_column column_padding=&#8221;no-extra-padding&#8221; column_padding_tablet=&#8221;inherit&#8221; column_padding_phone=&#8221;inherit&#8221; column_padding_position=&#8221;all&#8221; column_element_direction_desktop=&#8221;default&#8221; column_element_spacing=&#8221;default&#8221; desktop_text_alignment=&#8221;default&#8221; tablet_text_alignment=&#8221;default&#8221; phone_text_alignment=&#8221;default&#8221; background_color_opacity=&#8221;1&#8243; background_hover_color_opacity=&#8221;1&#8243; column_backdrop_filter=&#8221;none&#8221; column_shadow=&#8221;none&#8221; column_border_radius=&#8221;none&#8221; column_link_target=&#8221;_self&#8221; column_position=&#8221;default&#8221; gradient_direction=&#8221;left_to_right&#8221; overlay_strength=&#8221;0.3&#8243; width=&#8221;1\/1&#8243; tablet_width_inherit=&#8221;default&#8221; animation_type=&#8221;default&#8221; bg_image_animation=&#8221;none&#8221; border_type=&#8221;simple&#8221; column_border_width=&#8221;none&#8221; column_border_style=&#8221;solid&#8221;][vc_row_inner column_margin=&#8221;default&#8221; column_direction=&#8221;default&#8221; column_direction_tablet=&#8221;default&#8221; column_direction_phone=&#8221;default&#8221; text_align=&#8221;left&#8221; row_position=&#8221;default&#8221; row_position_tablet=&#8221;inherit&#8221; row_position_phone=&#8221;inherit&#8221; overflow=&#8221;visible&#8221; pointer_events=&#8221;all&#8221;][vc_column_inner column_padding=&#8221;no-extra-padding&#8221; column_padding_tablet=&#8221;inherit&#8221; column_padding_phone=&#8221;inherit&#8221; column_padding_position=&#8221;all&#8221; column_element_direction_desktop=&#8221;default&#8221; column_element_spacing=&#8221;default&#8221; desktop_text_alignment=&#8221;default&#8221; tablet_text_alignment=&#8221;default&#8221; phone_text_alignment=&#8221;default&#8221; background_color_opacity=&#8221;1&#8243; background_hover_color_opacity=&#8221;1&#8243; column_backdrop_filter=&#8221;none&#8221; column_shadow=&#8221;none&#8221; column_border_radius=&#8221;none&#8221; column_link_target=&#8221;_self&#8221; overflow=&#8221;visible&#8221; gradient_direction=&#8221;left_to_right&#8221; overlay_strength=&#8221;0.3&#8243; width=&#8221;1\/6&#8243; tablet_width_inherit=&#8221;default&#8221; animation_type=&#8221;default&#8221; bg_image_animation=&#8221;none&#8221; border_type=&#8221;simple&#8221; column_border_width=&#8221;none&#8221; column_border_style=&#8221;solid&#8221;][\/vc_column_inner][vc_column_inner column_padding=&#8221;no-extra-padding&#8221; column_padding_tablet=&#8221;inherit&#8221; column_padding_phone=&#8221;inherit&#8221; column_padding_position=&#8221;all&#8221; column_element_direction_desktop=&#8221;default&#8221; column_element_spacing=&#8221;default&#8221; centered_text=&#8221;true&#8221; desktop_text_alignment=&#8221;default&#8221; tablet_text_alignment=&#8221;default&#8221; phone_text_alignment=&#8221;default&#8221; background_color_opacity=&#8221;1&#8243; background_hover_color_opacity=&#8221;1&#8243; column_backdrop_filter=&#8221;none&#8221; column_shadow=&#8221;none&#8221; column_border_radius=&#8221;none&#8221; column_link_target=&#8221;_self&#8221; overflow=&#8221;visible&#8221; gradient_direction=&#8221;left_to_right&#8221; overlay_strength=&#8221;0.3&#8243; width=&#8221;2\/3&#8243; tablet_width_inherit=&#8221;default&#8221; animation_type=&#8221;default&#8221; enable_animation=&#8221;true&#8221; animation=&#8221;fade-in-from-bottom&#8221; animation_easing=&#8221;default&#8221; bg_image_animation=&#8221;none&#8221; border_type=&#8221;simple&#8221; column_border_width=&#8221;none&#8221; column_border_style=&#8221;solid&#8221;][vc_custom_heading text=&#8221;FAQ &amp; Support&#8221; font_container=&#8221;tag:h1|text_align:center&#8221; use_theme_fonts=&#8221;yes&#8221;][divider line_type=&#8221;No Line&#8221; custom_height=&#8221;30&#8243;][vc_column_text]\n<p style=\"text-align: center;\">If you have any problems we will come back to you very fast. Please send us an email to info@aqualeds.de and explain your problem. We will discuss this internally and will reply promptly.<\/p>\n[\/vc_column_text][\/vc_column_inner][vc_column_inner column_padding=&#8221;no-extra-padding&#8221; column_padding_tablet=&#8221;inherit&#8221; column_padding_phone=&#8221;inherit&#8221; column_padding_position=&#8221;all&#8221; column_element_direction_desktop=&#8221;default&#8221; column_element_spacing=&#8221;default&#8221; desktop_text_alignment=&#8221;default&#8221; tablet_text_alignment=&#8221;default&#8221; phone_text_alignment=&#8221;default&#8221; background_color_opacity=&#8221;1&#8243; background_hover_color_opacity=&#8221;1&#8243; column_backdrop_filter=&#8221;none&#8221; column_shadow=&#8221;none&#8221; column_border_radius=&#8221;none&#8221; column_link_target=&#8221;_self&#8221; overflow=&#8221;visible&#8221; gradient_direction=&#8221;left_to_right&#8221; overlay_strength=&#8221;0.3&#8243; width=&#8221;1\/6&#8243; tablet_width_inherit=&#8221;default&#8221; animation_type=&#8221;default&#8221; bg_image_animation=&#8221;none&#8221; border_type=&#8221;simple&#8221; column_border_width=&#8221;none&#8221; column_border_style=&#8221;solid&#8221;][\/vc_column_inner][\/vc_row_inner][\/vc_column][\/vc_row][vc_row type=&#8221;full_width_background&#8221; full_screen_row_position=&#8221;middle&#8221; column_margin=&#8221;default&#8221; column_direction=&#8221;default&#8221; column_direction_tablet=&#8221;default&#8221; column_direction_phone=&#8221;default&#8221; bg_color=&#8221;#ffffff&#8221; scene_position=&#8221;center&#8221; top_padding=&#8221;100&#8243; bottom_padding=&#8221;100&#8243; text_color=&#8221;dark&#8221; text_align=&#8221;left&#8221; row_border_radius=&#8221;none&#8221; row_border_radius_applies=&#8221;bg&#8221; overflow=&#8221;visible&#8221; overlay_strength=&#8221;0.3&#8243; gradient_direction=&#8221;left_to_right&#8221; shape_divider_position=&#8221;bottom&#8221; bg_image_animation=&#8221;none&#8221; shape_type=&#8221;&#8221;][vc_column column_padding=&#8221;no-extra-padding&#8221; column_padding_tablet=&#8221;inherit&#8221; column_padding_phone=&#8221;inherit&#8221; column_padding_position=&#8221;all&#8221; column_element_direction_desktop=&#8221;default&#8221; column_element_spacing=&#8221;default&#8221; desktop_text_alignment=&#8221;default&#8221; tablet_text_alignment=&#8221;default&#8221; phone_text_alignment=&#8221;default&#8221; background_color_opacity=&#8221;1&#8243; background_hover_color_opacity=&#8221;1&#8243; column_backdrop_filter=&#8221;none&#8221; column_shadow=&#8221;none&#8221; column_border_radius=&#8221;none&#8221; column_link_target=&#8221;_self&#8221; column_position=&#8221;default&#8221; gradient_direction=&#8221;left_to_right&#8221; overlay_strength=&#8221;0.3&#8243; width=&#8221;1\/1&#8243; tablet_width_inherit=&#8221;default&#8221; animation_type=&#8221;default&#8221; bg_image_animation=&#8221;none&#8221; border_type=&#8221;simple&#8221; column_border_width=&#8221;none&#8221; column_border_style=&#8221;solid&#8221;][nectar_gradient_text heading_tag=&#8221;h2&#8243; color=&#8221;extra-color-gradient-2&#8243; gradient_direction=&#8221;diagonal&#8221; text=&#8221;Operations manual&#8221;][vc_column_text]You can get the operations manual in this PDF file:[\/vc_column_text][divider line_type=&#8221;No Line&#8221; custom_height=&#8221;15&#8243;]<div class=\"nectar-fancy-ul\" data-list-icon=\"fa fa-file-o\" data-animation=\"false\" data-animation-delay=\"0\" data-color=\"accent-color\" data-spacing=\"default\" data-alignment=\"left\"> \n<ul>\n<li><strong>Gen4<\/strong> (since 2026) Operations manual: <a href=\"https:\/\/aqualeds.de\/download\/Quickstart%20aquaBAR%20Gen4%20-%20V1.0.pdf\" target=\"_blank\" rel=\"noopener\">aquaLEDs &#8211; Quickstart aquaBAR Gen4 v1.0.pdf<\/a><\/li>\n<li><strong>HC+<\/strong> (to 2025) Operations manual: <a href=\"https:\/\/aqualeds.de\/download\/aquaLEDs%20-%20Quickstart%20aquaBAR%20HighColor+%20v1.0.pdf\" target=\"_blank\" rel=\"noopener\">aquaLEDs &#8211; Quickstart aquaBAR HighColor+ v1.0.pdf<\/a><\/li>\n<\/ul>\n <\/div>[\/vc_column][\/vc_row][vc_row type=&#8221;full_width_background&#8221; full_screen_row_position=&#8221;middle&#8221; column_margin=&#8221;default&#8221; column_direction=&#8221;default&#8221; column_direction_tablet=&#8221;default&#8221; column_direction_phone=&#8221;default&#8221; scene_position=&#8221;center&#8221; top_padding=&#8221;100&#8243; bottom_padding=&#8221;100&#8243; text_color=&#8221;dark&#8221; text_align=&#8221;left&#8221; row_border_radius=&#8221;none&#8221; row_border_radius_applies=&#8221;bg&#8221; overflow=&#8221;visible&#8221; overlay_strength=&#8221;0.3&#8243; gradient_direction=&#8221;left_to_right&#8221; shape_divider_position=&#8221;bottom&#8221; bg_image_animation=&#8221;none&#8221; shape_type=&#8221;&#8221;][vc_column column_padding=&#8221;no-extra-padding&#8221; column_padding_tablet=&#8221;inherit&#8221; column_padding_phone=&#8221;inherit&#8221; column_padding_position=&#8221;all&#8221; column_element_direction_desktop=&#8221;default&#8221; column_element_spacing=&#8221;default&#8221; desktop_text_alignment=&#8221;default&#8221; tablet_text_alignment=&#8221;default&#8221; phone_text_alignment=&#8221;default&#8221; background_color_opacity=&#8221;1&#8243; background_hover_color_opacity=&#8221;1&#8243; column_backdrop_filter=&#8221;none&#8221; column_shadow=&#8221;none&#8221; column_border_radius=&#8221;none&#8221; column_link_target=&#8221;_self&#8221; column_position=&#8221;default&#8221; gradient_direction=&#8221;left_to_right&#8221; overlay_strength=&#8221;0.3&#8243; width=&#8221;1\/1&#8243; tablet_width_inherit=&#8221;default&#8221; animation_type=&#8221;default&#8221; bg_image_animation=&#8221;none&#8221; border_type=&#8221;simple&#8221; column_border_width=&#8221;none&#8221; column_border_style=&#8221;solid&#8221;][nectar_gradient_text heading_tag=&#8221;h2&#8243; color=&#8221;extra-color-gradient-2&#8243; gradient_direction=&#8221;diagonal&#8221; text=&#8221;FAQ&#8221;][toggles style=&#8221;minimal&#8221;][toggle color=&#8221;Accent-Color&#8221; heading_tag=&#8221;default&#8221; heading_tag_functionality=&#8221;default&#8221; title=&#8221;How many aquaBARs do I need?&#8221;][vc_column_text]For saltwater we recommend depending on the corals one aquaBAR for up to 60 cm aquarium width.<\/p>\n<p>For freshwater we recommend depending on the plants one aquaBAR for up to 80 cm aquarium width.[\/vc_column_text][\/toggle][toggle color=&#8221;Default&#8221; heading_tag=&#8221;default&#8221; heading_tag_functionality=&#8221;default&#8221; title=&#8221;How can I connect to the control \u2013 direct connection?&#8221;][vc_column_text]Open the WIFI settings of your WIFI capable device and connect to the network #aquaLEDs.de_Lighting<\/p>\n<p>After establishing a successful WIFI connection open your web browser and access this address:\u00a0<a href=\"https:\/\/192.168.1.1\/\">https:\/\/<\/a><a href=\"https:\/\/192.168.1.1\/\">192.168.1.1\/<\/a>[\/vc_column_text][\/toggle][toggle color=&#8221;Default&#8221; heading_tag=&#8221;default&#8221; heading_tag_functionality=&#8221;default&#8221; title=&#8221;How can I connect to the control &#8211; home network?&#8221;][vc_column_text]The control has to be integrated once into your home network (see &#8220;How can I integrate the control in my home network?&#8221;)<\/p>\n<p>Open the WIFI settings and connect to your home network if you haven&#8217;t done so.<\/p>\n<p>After establishing a successful WIFI connection, open your web browser and access\u00a0<a href=\"https:\/\/lighting.local\/\">https:\/\/lighting.local\/<\/a> or <a href=\"https:\/\/lighting\/\">https:\/\/lighting\/<\/a>\u00a0.[\/vc_column_text][\/toggle][toggle color=&#8221;Default&#8221; heading_tag=&#8221;default&#8221; heading_tag_functionality=&#8221;default&#8221; title=&#8221;How can I integrate the control in my home network?&#8221;][vc_column_text]Go to settings -&gt; network settings -&gt; find networks<\/p>\n<p>Click on your home network, type in your router&#8217;s password and connect.<\/p>\n<p>The control restarts and tries to connect to your home network.<\/p>\n<p>In order to establish a connection he control you haaquarium aquarium ve to connect your<\/p>\n<p>Um wieder eine Verbindung mit der Steuerung aufzubauen, m\u00fcssen Sie Ihr WLAN f\u00e4higes Ger\u00e4t mit Ihrem Heimnetzwerk verbinden.<\/p>\n<p>Sobald die blaue Feedback LED der Steuerung wieder leuchtet, geben Sie eine der folgenden Adressen im Browser ein:<br \/>\n<a href=\"https:\/\/lighting.local\/\">https:\/\/lighting.local\/<\/a> <b>or<\/b> <a href=\"https:\/\/lighting\/\">https:\/\/lighting\/<\/a>[\/vc_column_text][\/toggle][toggle color=&#8221;Default&#8221; heading_tag=&#8221;default&#8221; heading_tag_functionality=&#8221;default&#8221; title=&#8221;How can I reset the control?&#8221;][vc_column_text]All settings can be reset via settings -&gt; default settings.<\/p>\n<p>Network settings will be reset by pressing the button for more than 3 seconds.[\/vc_column_text][\/toggle][toggle color=&#8221;Default&#8221; heading_tag=&#8221;default&#8221; heading_tag_functionality=&#8221;default&#8221; title=&#8221;What does the status LED indicate?&#8221;][vc_column_text]\n<ul>\n<li>White: Control reboots &#8211; During reboot there is no external WIFI access possible<\/li>\n<li>Blue: Control creates master network \u2013 You can now access the controller.<\/li>\n<li>Orange: Control has connected to the master network and shares information.<\/li>\n<li>Green: Control has successfully connected to the master network.<\/li>\n<li>White-Red-White: Control tries to connect to home network or master network but fails and reboots.\u00a0(Weak signal, wrong password, wrong network name)<\/li>\n<li>Green-Red-White: Master network or home network can&#8217;t be accessed any longer. Controller reboots.<\/li>\n<li>Green-Blue Blinking: Master software is updating<\/li>\n<li>Green-Yellow Blinking: Slave software is updating<\/li>\n<li>Pink-White-Pink-White: Update is in progress<\/li>\n<li>Green-White: After finishing the update successfully the status LED blinks green and white.<\/li>\n<li>Green Blinking-Red: Update failed<\/li>\n<li>Blue becomes brighter and darker: After pressing the reset button for more than 3 secondes the controller&#8217;s network settings will be deleted<\/li>\n<li>All three colors become brighter and darker: Default settings &#8211; All setting will be deleted.<\/li>\n<li>Energy saving mode after 5 minutes without using it: Status LED will be dimmed.<\/li>\n<\/ul>\n[\/vc_column_text][\/toggle][toggle color=&#8221;Default&#8221; heading_tag=&#8221;default&#8221; heading_tag_functionality=&#8221;default&#8221; title=&#8221;How can I operate the lamp below the cover?&#8221;][vc_column_text]Take care of sufficient ventilation. This can be made possible with holes in the cover or by opening the cover slightly.<\/p>\n<p>If the lamp becomes too hot it will automatically reduce its brightness to 0%. As soon as it&#8217;s cool enough the brightness will be turned up again.<\/p>\n<p>You can see the current temperature in the control interface.[\/vc_column_text][\/toggle][toggle color=&#8221;Default&#8221; heading_tag=&#8221;default&#8221; heading_tag_functionality=&#8221;default&#8221; title=&#8221;How can I update the software?&#8221;][vc_column_text]Go to settings -&gt; \u201eUpdate Controller Manually\u201c<br \/>\n<b>or<\/b>\u00a0<a href=\"https:\/\/lighting.local\/update\">https:\/\/lighting.local\/update<\/a> <b>or<\/b> <a href=\"https:\/\/lighting\/update\">https:\/\/lighting\/update<\/a><\/p>\n<p>If you integrated the control into your home network you can go to settings -&gt; &#8220;Update automatically with internet connection&#8221; and have it updated automatically.[\/vc_column_text][divider line_type=&#8221;No Line&#8221; custom_height=&#8221;30&#8243;][vc_video link=&#8221;https:\/\/www.youtube.com\/watch?v=lrA592PgUwM&#8221;][\/toggle][\/toggles][\/vc_column][\/vc_row][vc_row type=&#8221;full_width_background&#8221; full_screen_row_position=&#8221;middle&#8221; column_margin=&#8221;default&#8221; column_direction=&#8221;default&#8221; column_direction_tablet=&#8221;default&#8221; column_direction_phone=&#8221;default&#8221; bg_color=&#8221;#ffffff&#8221; scene_position=&#8221;center&#8221; top_padding=&#8221;100&#8243; bottom_padding=&#8221;100&#8243; text_color=&#8221;dark&#8221; text_align=&#8221;left&#8221; row_border_radius=&#8221;none&#8221; row_border_radius_applies=&#8221;bg&#8221; overflow=&#8221;visible&#8221; overlay_strength=&#8221;0.3&#8243; gradient_direction=&#8221;left_to_right&#8221; shape_divider_position=&#8221;bottom&#8221; bg_image_animation=&#8221;none&#8221; shape_type=&#8221;&#8221; gradient_type=&#8221;default&#8221;][vc_column column_padding=&#8221;no-extra-padding&#8221; column_padding_tablet=&#8221;inherit&#8221; column_padding_phone=&#8221;inherit&#8221; column_padding_position=&#8221;all&#8221; column_element_direction_desktop=&#8221;default&#8221; column_element_spacing=&#8221;default&#8221; desktop_text_alignment=&#8221;default&#8221; tablet_text_alignment=&#8221;default&#8221; phone_text_alignment=&#8221;default&#8221; background_color_opacity=&#8221;1&#8243; background_hover_color_opacity=&#8221;1&#8243; column_backdrop_filter=&#8221;none&#8221; column_shadow=&#8221;none&#8221; column_border_radius=&#8221;none&#8221; column_link_target=&#8221;_self&#8221; column_position=&#8221;default&#8221; gradient_direction=&#8221;left_to_right&#8221; overlay_strength=&#8221;0.3&#8243; width=&#8221;1\/1&#8243; tablet_width_inherit=&#8221;default&#8221; animation_type=&#8221;default&#8221; bg_image_animation=&#8221;none&#8221; border_type=&#8221;simple&#8221; column_border_width=&#8221;none&#8221; column_border_style=&#8221;solid&#8221;][nectar_gradient_text heading_tag=&#8221;h2&#8243; color=&#8221;extra-color-gradient-2&#8243; gradient_direction=&#8221;diagonal&#8221; text=&#8221;Software Updates&#8221;][vc_column_text]The combined Update File can be used for the new aquaBAR HC<strong>+<\/strong> or after web version 1.5.[\/vc_column_text][divider line_type=&#8221;No Line&#8221; custom_height=&#8221;15&#8243;]<div class=\"nectar-fancy-ul\" data-list-icon=\"fa fa-file-o\" data-animation=\"false\" data-animation-delay=\"0\" data-color=\"accent-color\" data-spacing=\"default\" data-alignment=\"left\"> \n<ul>\n<li>Combined File: <a href=\"https:\/\/aqualeds.de\/exchange\/FOTA_Connector\/Firmware-Files\/Firmware-Combined\/aquaLEDs.de_FirmwareUpdateFile.comb\" target=\"_blank\" rel=\"noopener noreferrer\">Combined_UpdateFile.comb<\/a><\/li>\n<\/ul>\n <\/div>[vc_column_text]If you use web version 1.4 or below or an aquaBAR that was made before 2018, use the following files to update:[\/vc_column_text][divider line_type=&#8221;No Line&#8221; custom_height=&#8221;15&#8243;]<div class=\"nectar-fancy-ul\" data-list-icon=\"fa fa-file-o\" data-animation=\"false\" data-animation-delay=\"0\" data-color=\"accent-color\" data-spacing=\"default\" data-alignment=\"left\"> \n<ul>\n<li>Webserver File: <a href=\"https:\/\/aqualeds.de\/exchange\/FOTA_Connector\/Firmware-Files\/Firmware-Server\/Server_UpdateFile.ino.bin\" rel=\"noopener\">Server_UpdateFile.ino.bin<\/a><\/li>\n<li>Website File: <a href=\"https:\/\/aqualeds.de\/exchange\/FOTA_Connector\/Firmware-Files\/Firmware-Website\/Website_UpdateFile.spiffs.bin\" target=\"_blank\" rel=\"noopener noreferrer\">Website_UpdateFile.spiffs.bin<\/a><\/li>\n<\/ul>\n <\/div>[vc_column_text]Current software revision:<br \/>\nWebserver: 2.9<br \/>\nWebsite: 2.0[\/vc_column_text][\/vc_column][\/vc_row][vc_row type=&#8221;full_width_background&#8221; full_screen_row_position=&#8221;middle&#8221; column_margin=&#8221;default&#8221; column_direction=&#8221;default&#8221; column_direction_tablet=&#8221;default&#8221; column_direction_phone=&#8221;default&#8221; scene_position=&#8221;center&#8221; top_padding=&#8221;100&#8243; bottom_padding=&#8221;100&#8243; text_color=&#8221;dark&#8221; text_align=&#8221;left&#8221; row_border_radius=&#8221;none&#8221; row_border_radius_applies=&#8221;bg&#8221; overflow=&#8221;visible&#8221; overlay_strength=&#8221;0.3&#8243; gradient_direction=&#8221;left_to_right&#8221; shape_divider_position=&#8221;bottom&#8221; bg_image_animation=&#8221;none&#8221; shape_type=&#8221;&#8221;][vc_column column_padding=&#8221;no-extra-padding&#8221; column_padding_tablet=&#8221;inherit&#8221; column_padding_phone=&#8221;inherit&#8221; column_padding_position=&#8221;all&#8221; column_element_direction_desktop=&#8221;default&#8221; column_element_spacing=&#8221;default&#8221; desktop_text_alignment=&#8221;default&#8221; tablet_text_alignment=&#8221;default&#8221; phone_text_alignment=&#8221;default&#8221; background_color_opacity=&#8221;1&#8243; background_hover_color_opacity=&#8221;1&#8243; column_backdrop_filter=&#8221;none&#8221; column_shadow=&#8221;none&#8221; column_border_radius=&#8221;none&#8221; column_link_target=&#8221;_self&#8221; column_position=&#8221;default&#8221; gradient_direction=&#8221;left_to_right&#8221; overlay_strength=&#8221;0.3&#8243; width=&#8221;1\/1&#8243; tablet_width_inherit=&#8221;default&#8221; animation_type=&#8221;default&#8221; bg_image_animation=&#8221;none&#8221; border_type=&#8221;simple&#8221; column_border_width=&#8221;none&#8221; column_border_style=&#8221;solid&#8221;][nectar_gradient_text heading_tag=&#8221;h2&#8243; color=&#8221;extra-color-gradient-2&#8243; gradient_direction=&#8221;diagonal&#8221; text=&#8221;Additional Images and Files&#8221;][vc_column_text css=&#8221;&#8221; text_direction=&#8221;default&#8221;]\n<p class=\"\" data-start=\"79\" data-end=\"215\">Below you\u2019ll find links to various resources related to lighting systems, aquariums, tanks, and koi.<\/p>\n<p><strong>Albums<\/strong><\/p>\n<ul>\n<li><a href=\"https:\/\/photos.app.goo.gl\/mtGSrjXjPXD3D73c7\" target=\"_blank\" rel=\"noopener\">Album: References &#8211; Koi<\/a><\/li>\n<li><a href=\"https:\/\/photos.app.goo.gl\/Yy6DNGf7RbVWdoUP9\" target=\"_blank\" rel=\"noopener\">Album: References &#8211; Reef \/ Saltwater<\/a><\/li>\n<li><a href=\"https:\/\/photos.google.com\/album\/AF1QipMYn5ewHK1R6rG4tpcrwXhx5izfEIkBcMmKKo23\" target=\"_blank\" rel=\"noopener\">Album: References &#8211; Feshwater<\/a><\/li>\n<\/ul>\n<p><strong>Additional Materials<\/strong><\/p>\n<ul>\n<li><a href=\"https:\/\/drive.google.com\/drive\/folders\/15v0Fe6NwCIigf_kfyGu-1t2qgqi9-2xS\" target=\"_blank\" rel=\"noopener\">Product Images, Logo, Brochure<\/a><\/li>\n<\/ul>\n<p class=\"\" data-start=\"217\" data-end=\"348\"><strong data-start=\"217\" data-end=\"234\">Usage Rights:<\/strong> Use of this content is permitted exclusively in connection with and with proper attribution to <strong data-start=\"330\" data-end=\"347\">aquaLEDs GmbH<\/strong>.<\/p>\n[\/vc_column_text][\/vc_column][\/vc_row]\n","protected":false},"excerpt":{"rendered":"<p>[vc_row type=&#8221;full_width_background&#8221; full_screen_row_position=&#8221;middle&#8221; column_margin=&#8221;default&#8221; column_direction=&#8221;default&#8221; column_direction_tablet=&#8221;default&#8221; column_direction_phone=&#8221;default&#8221; bg_image=&#8221;6642&#8243; bg_position=&#8221;center center&#8221; background_image_loading=&#8221;default&#8221; bg_repeat=&#8221;no-repeat&#8221; scene_position=&#8221;center&#8221; top_padding=&#8221;150&#8243; bottom_padding=&#8221;100&#8243; text_color=&#8221;light&#8221; text_align=&#8221;center&#8221; row_border_radius=&#8221;none&#8221; row_border_radius_applies=&#8221;bg&#8221; overflow=&#8221;visible&#8221; enable_gradient=&#8221;true&#8221; color_overlay=&#8221;#00a7e1&#8243; color_overlay_2=&#8221;#1d1b78&#8243; overlay_strength=&#8221;0.8&#8243; gradient_direction=&#8221;left_t_to_right_b&#8221; shape_divider_position=&#8221;bottom&#8221; bg_image_animation=&#8221;none&#8221; parallax_bg=&#8221;true&#8221; parallax_bg_speed=&#8221;slow&#8221; shape_type=&#8221;&#8221;][vc_column&#8230;<\/p>\n","protected":false},"author":1,"featured_media":0,"parent":0,"menu_order":0,"comment_status":"closed","ping_status":"closed","template":"","meta":{"_seopress_robots_primary_cat":"","_seopress_titles_title":"","_seopress_titles_desc":"","_seopress_robots_index":"","footnotes":""},"class_list":["post-6793","page","type-page","status-publish"],"_links":{"self":[{"href":"https:\/\/aqualeds.de\/en\/wp-json\/wp\/v2\/pages\/6793","targetHints":{"allow":["GET"]}}],"collection":[{"href":"https:\/\/aqualeds.de\/en\/wp-json\/wp\/v2\/pages"}],"about":[{"href":"https:\/\/aqualeds.de\/en\/wp-json\/wp\/v2\/types\/page"}],"author":[{"embeddable":true,"href":"https:\/\/aqualeds.de\/en\/wp-json\/wp\/v2\/users\/1"}],"replies":[{"embeddable":true,"href":"https:\/\/aqualeds.de\/en\/wp-json\/wp\/v2\/comments?post=6793"}],"version-history":[{"count":21,"href":"https:\/\/aqualeds.de\/en\/wp-json\/wp\/v2\/pages\/6793\/revisions"}],"predecessor-version":[{"id":7336,"href":"https:\/\/aqualeds.de\/en\/wp-json\/wp\/v2\/pages\/6793\/revisions\/7336"}],"wp:attachment":[{"href":"https:\/\/aqualeds.de\/en\/wp-json\/wp\/v2\/media?parent=6793"}],"curies":[{"name":"wp","href":"https:\/\/api.w.org\/{rel}","templated":true}]}}